{"id":68,"date":"2016-04-19T13:53:34","date_gmt":"2016-04-19T13:53:34","guid":{"rendered":"http:\/\/sergenyfeler.ch\/?page_id=68"},"modified":"2016-06-20T11:48:47","modified_gmt":"2016-06-20T11:48:47","slug":"zeichnungen","status":"publish","type":"page","link":"https:\/\/sergenyfeler.ch\/index.php\/home\/zeichnungen\/","title":{"rendered":"Zeichnung\u00b7Dessin"},"content":{"rendered":"<p style=\"text-align: center;\"><a href=\"https:\/\/sergenyfeler.ch\/wp-content\/uploads\/2016\/04\/42x29.5_Baum1000px.jpg\"><img loading=\"lazy\" decoding=\"async\" class=\"aligncenter size-medium wp-image-242\" src=\"https:\/\/sergenyfeler.ch\/wp-content\/uploads\/2016\/04\/42x29.5_Baum1000px-211x300.jpg\" alt=\"42x29.5_Baum1000px\" width=\"211\" height=\"300\" \/><br \/>\n<strong>B<\/strong><\/a><strong>aum, 2014<\/strong><\/p>\n<p style=\"text-align: center;\"><a href=\"https:\/\/sergenyfeler.ch\/wp-content\/uploads\/2016\/04\/42x29.5-Flusslauf1000px.jpg\"><img loading=\"lazy\" decoding=\"async\" class=\"aligncenter size-medium wp-image-243\" src=\"https:\/\/sergenyfeler.ch\/wp-content\/uploads\/2016\/04\/42x29.5-Flusslauf1000px-211x300.jpg\" alt=\"42x29.5-Flusslauf1000px\" width=\"211\" height=\"300\" \/><br \/>\n<strong>F<\/strong><\/a><strong>lusslauf, 2015<\/strong><\/p>\n<p style=\"text-align: center;\"><a href=\"https:\/\/sergenyfeler.ch\/wp-content\/uploads\/2016\/04\/hidden-dog1000px.jpg\"><img loading=\"lazy\" decoding=\"async\" class=\"aligncenter size-medium wp-image-244\" src=\"https:\/\/sergenyfeler.ch\/wp-content\/uploads\/2016\/04\/hidden-dog1000px-300x198.jpg\" alt=\"hidden-dog1000px\" width=\"300\" height=\"198\" \/><\/a><br \/>\n<strong>Hidden Dog, 2015<\/strong><\/p>\n<p style=\"text-align: center;\"><a href=\"https:\/\/sergenyfeler.ch\/wp-content\/uploads\/2016\/04\/kissing-clouds40x25-1000px.jpg\"><img loading=\"lazy\" decoding=\"async\" class=\"aligncenter size-medium wp-image-245\" src=\"https:\/\/sergenyfeler.ch\/wp-content\/uploads\/2016\/04\/kissing-clouds40x25-1000px-300x213.jpg\" alt=\"kissing-clouds40x25-1000px\" width=\"300\" height=\"213\" \/><\/a><br \/>\n<strong>Kissing Clouds, 2015<\/strong><\/p>\n<p style=\"text-align: center;\"><a href=\"https:\/\/sergenyfeler.ch\/wp-content\/uploads\/2016\/04\/Rohr.a-la-chasse-70x100-1000px.jpg\"><img loading=\"lazy\" decoding=\"async\" class=\"aligncenter size-medium wp-image-246\" src=\"https:\/\/sergenyfeler.ch\/wp-content\/uploads\/2016\/04\/Rohr.a-la-chasse-70x100-1000px-300x205.jpg\" alt=\"Rohr.a-la-chasse-70x100-1000px\" width=\"300\" height=\"205\" \/><\/a><br \/>\n<strong>A La Chasse, 2015<\/strong><br \/>\n<a href=\"https:\/\/sergenyfeler.ch\/wp-content\/uploads\/2016\/04\/140x100_WOW.jpg\">100 \u00d7 70 cm<\/a><br \/>\nInk on paper<\/p>\n<p style=\"text-align: center;\"><a href=\"https:\/\/sergenyfeler.ch\/wp-content\/uploads\/2016\/04\/Rohr.Box70x100-1000px.jpg\"><img loading=\"lazy\" decoding=\"async\" class=\"aligncenter size-medium wp-image-247\" src=\"https:\/\/sergenyfeler.ch\/wp-content\/uploads\/2016\/04\/Rohr.Box70x100-1000px-300x195.jpg\" alt=\"Rohr.Box70x100-1000px\" width=\"300\" height=\"195\" \/><\/a><br \/>\n<strong>Box, 2015<\/strong><br \/>\n<a href=\"https:\/\/sergenyfeler.ch\/wp-content\/uploads\/2016\/04\/140x100_WOW.jpg\">100 \u00d7 70 cm<\/a><br \/>\nInk on paper<\/p>\n<p style=\"text-align: center;\"><a href=\"https:\/\/sergenyfeler.ch\/wp-content\/uploads\/2016\/04\/Rohr.Carcrash_100x70-1000px.jpg\"><img loading=\"lazy\" decoding=\"async\" class=\"aligncenter size-medium wp-image-248\" src=\"https:\/\/sergenyfeler.ch\/wp-content\/uploads\/2016\/04\/Rohr.Carcrash_100x70-1000px-300x211.jpg\" alt=\"Rohr.Carcrash_100x70-1000px\" width=\"300\" height=\"211\" \/><\/a><br \/>\n<strong>Carcrash, 2015<\/strong><br \/>\n<a href=\"https:\/\/sergenyfeler.ch\/wp-content\/uploads\/2016\/04\/140x100_WOW.jpg\">100 \u00d7 70 cm<\/a><br \/>\nInk on paper<\/p>\n<p style=\"text-align: center;\"><a href=\"https:\/\/sergenyfeler.ch\/wp-content\/uploads\/2016\/04\/Rohr.Police70x100_smal1000px.jpg\"><img loading=\"lazy\" decoding=\"async\" class=\"aligncenter size-medium wp-image-249\" src=\"https:\/\/sergenyfeler.ch\/wp-content\/uploads\/2016\/04\/Rohr.Police70x100_smal1000px-300x203.jpg\" alt=\"Rohr.Police70x100_smal1000px\" width=\"300\" height=\"203\" \/><\/a><br \/>\n<strong>Police, 2015<\/strong><br \/>\n<a href=\"https:\/\/sergenyfeler.ch\/wp-content\/uploads\/2016\/04\/140x100_WOW.jpg\">100 \u00d7 70 cm<\/a><br \/>\nInk on paper<\/p>\n<p style=\"text-align: center;\"><a href=\"https:\/\/sergenyfeler.ch\/wp-content\/uploads\/2016\/04\/Rohr.position0x100-1000px.jpg\"><img loading=\"lazy\" decoding=\"async\" class=\"aligncenter size-medium wp-image-250\" src=\"https:\/\/sergenyfeler.ch\/wp-content\/uploads\/2016\/04\/Rohr.position0x100-1000px-300x208.jpg\" alt=\"Rohr.position0x100-1000px\" width=\"300\" height=\"208\" \/><\/a><br \/>\n<strong>Position, 2015<\/strong><br \/>\n<a href=\"https:\/\/sergenyfeler.ch\/wp-content\/uploads\/2016\/04\/140x100_WOW.jpg\">100 \u00d7 70 cm<\/a><br \/>\nInk on paper<\/p>\n<p style=\"text-align: center;\"><a href=\"https:\/\/sergenyfeler.ch\/wp-content\/uploads\/2016\/04\/Twin70x100-1000px.jpg\"><img loading=\"lazy\" decoding=\"async\" class=\"aligncenter size-medium wp-image-251\" src=\"https:\/\/sergenyfeler.ch\/wp-content\/uploads\/2016\/04\/Twin70x100-1000px-300x200.jpg\" alt=\"Twin70x100-1000px\" width=\"300\" height=\"200\" \/><br \/>\n<strong>Twin, 2015<\/strong><br \/>\n<\/a><a href=\"https:\/\/sergenyfeler.ch\/wp-content\/uploads\/2016\/04\/140x100_WOW.jpg\">100 \u00d7 70 cm<\/a><a href=\"https:\/\/sergenyfeler.ch\/wp-content\/uploads\/2016\/04\/Twin70x100-1000px.jpg\"><br \/>\nInk on pape<\/a>r<\/p>\n<p style=\"text-align: center;\"><a href=\"https:\/\/sergenyfeler.ch\/wp-content\/uploads\/2016\/04\/2015.CdC_.gif\"><img loading=\"lazy\" decoding=\"async\" class=\"aligncenter size-medium wp-image-401\" src=\"https:\/\/sergenyfeler.ch\/wp-content\/uploads\/2016\/04\/2015.CdC_-300x217.gif\" alt=\"2015.CdC\" width=\"300\" height=\"217\" \/><br \/>\n<\/a><a href=\"https:\/\/sergenyfeler.ch\/wp-content\/uploads\/2016\/04\/Twin70x100-1000px.jpg\"><strong>CdC, 2015<\/strong><\/a><\/p>\n<p style=\"text-align: center;\"><a href=\"https:\/\/sergenyfeler.ch\/wp-content\/uploads\/2016\/04\/2015.CdCAurore.gif\"><img loading=\"lazy\" decoding=\"async\" class=\"aligncenter size-medium wp-image-402\" src=\"https:\/\/sergenyfeler.ch\/wp-content\/uploads\/2016\/04\/2015.CdCAurore-211x300.gif\" alt=\"2015.CdCAurore\" width=\"211\" height=\"300\" \/><br \/>\n<\/a><a href=\"https:\/\/sergenyfeler.ch\/wp-content\/uploads\/2016\/04\/Twin70x100-1000px.jpg\"><strong>CdC Aurore, 2015<\/strong><\/a><\/p>\n<p style=\"text-align: center;\"><a href=\"https:\/\/sergenyfeler.ch\/wp-content\/uploads\/2016\/04\/AlicanteBeach_2015.gif\"><img loading=\"lazy\" decoding=\"async\" class=\"aligncenter size-medium wp-image-403\" src=\"https:\/\/sergenyfeler.ch\/wp-content\/uploads\/2016\/04\/AlicanteBeach_2015-300x225.gif\" alt=\"AlicanteBeach_2015\" width=\"300\" height=\"225\" \/><br \/>\n<\/a><a href=\"https:\/\/sergenyfeler.ch\/wp-content\/uploads\/2016\/04\/Twin70x100-1000px.jpg\"><strong>Alicante Beach, 2015<\/strong><\/a><\/p>\n<p style=\"text-align: center;\"><a href=\"https:\/\/sergenyfeler.ch\/wp-content\/uploads\/2016\/04\/CdC.02_40x30.gif\"><img loading=\"lazy\" decoding=\"async\" class=\"aligncenter size-medium wp-image-404\" src=\"https:\/\/sergenyfeler.ch\/wp-content\/uploads\/2016\/04\/CdC.02_40x30-300x210.gif\" alt=\"CdC.02_40x30\" width=\"300\" height=\"210\" \/><br \/>\n<\/a><a href=\"https:\/\/sergenyfeler.ch\/wp-content\/uploads\/2016\/04\/Twin70x100-1000px.jpg\"><strong>CdC II, 2015<\/strong><\/a><\/p>\n<p style=\"text-align: center;\"><a href=\"https:\/\/sergenyfeler.ch\/wp-content\/uploads\/2016\/04\/Chez-LA-Graf15.02.gif\"><img loading=\"lazy\" decoding=\"async\" class=\"aligncenter size-medium wp-image-405\" src=\"https:\/\/sergenyfeler.ch\/wp-content\/uploads\/2016\/04\/Chez-LA-Graf15.02-300x218.gif\" alt=\"Chez-L&amp;A-Graf15.02\" width=\"300\" height=\"218\" \/><br \/>\n<\/a><a href=\"https:\/\/sergenyfeler.ch\/wp-content\/uploads\/2016\/04\/Twin70x100-1000px.jpg\"><strong>Chez Leo Andrea\u00a0Graf, 2015<\/strong><\/a><\/p>\n<p style=\"text-align: center;\"><a href=\"https:\/\/sergenyfeler.ch\/wp-content\/uploads\/2016\/04\/Chez-LeoAndrea-Graf-15.gif\"><img loading=\"lazy\" decoding=\"async\" class=\"aligncenter size-medium wp-image-406\" src=\"https:\/\/sergenyfeler.ch\/wp-content\/uploads\/2016\/04\/Chez-LeoAndrea-Graf-15-300x216.gif\" alt=\"Chez-Leo&amp;Andrea-Graf-15\" width=\"300\" height=\"216\" \/><br \/>\n<\/a><a href=\"https:\/\/sergenyfeler.ch\/wp-content\/uploads\/2016\/04\/Twin70x100-1000px.jpg\"><strong>Chez\u00a0Leo Andrea\u00a0Graf, 2015<\/strong><\/a><\/p>\n<p style=\"text-align: center;\"><a href=\"https:\/\/sergenyfeler.ch\/wp-content\/uploads\/2016\/04\/Danis-Haus.gif\"><img loading=\"lazy\" decoding=\"async\" class=\"aligncenter size-medium wp-image-407\" src=\"https:\/\/sergenyfeler.ch\/wp-content\/uploads\/2016\/04\/Danis-Haus-300x215.gif\" alt=\"Dani's-Haus\" width=\"300\" height=\"215\" \/><br \/>\n<\/a><a href=\"https:\/\/sergenyfeler.ch\/wp-content\/uploads\/2016\/04\/Twin70x100-1000px.jpg\"><strong>Dani&#8217;s Haus, 2015<\/strong><\/a><\/p>\n<p style=\"text-align: center;\"><a href=\"https:\/\/sergenyfeler.ch\/wp-content\/uploads\/2016\/04\/Justiniac-Kurve_2015.gif\"><img loading=\"lazy\" decoding=\"async\" class=\"aligncenter size-medium wp-image-408\" src=\"https:\/\/sergenyfeler.ch\/wp-content\/uploads\/2016\/04\/Justiniac-Kurve_2015-225x300.gif\" alt=\"Justiniac,-Kurve_2015\" width=\"225\" height=\"300\" \/><br \/>\n<\/a><a href=\"https:\/\/sergenyfeler.ch\/wp-content\/uploads\/2016\/04\/Twin70x100-1000px.jpg\"><strong>Justiniac Kurve, 2015<\/strong><\/a><\/p>\n<p style=\"text-align: center;\"><a href=\"https:\/\/sergenyfeler.ch\/wp-content\/uploads\/2016\/04\/Noli.gif\"><img loading=\"lazy\" decoding=\"async\" class=\"aligncenter size-medium wp-image-409\" src=\"https:\/\/sergenyfeler.ch\/wp-content\/uploads\/2016\/04\/Noli-300x225.gif\" alt=\"Noli\" width=\"300\" height=\"225\" \/><br \/>\n<\/a><a href=\"https:\/\/sergenyfeler.ch\/wp-content\/uploads\/2016\/04\/Twin70x100-1000px.jpg\"><strong>Noli, 2015<\/strong><\/a><\/p>\n<p style=\"text-align: center;\"><a href=\"https:\/\/sergenyfeler.ch\/wp-content\/uploads\/2016\/04\/welle.gif\"><img loading=\"lazy\" decoding=\"async\" class=\"aligncenter size-medium wp-image-410\" src=\"https:\/\/sergenyfeler.ch\/wp-content\/uploads\/2016\/04\/welle-300x247.gif\" alt=\"welle\" width=\"300\" height=\"247\" \/><br \/>\n<\/a><a href=\"https:\/\/sergenyfeler.ch\/wp-content\/uploads\/2016\/04\/Twin70x100-1000px.jpg\"><strong>Welle, 2015<\/strong><\/a><\/p>\n<p style=\"text-align: center;\"><a href=\"https:\/\/sergenyfeler.ch\/wp-content\/uploads\/2016\/04\/Welle2.gif\"><img loading=\"lazy\" decoding=\"async\" class=\"aligncenter size-medium wp-image-411\" src=\"https:\/\/sergenyfeler.ch\/wp-content\/uploads\/2016\/04\/Welle2-300x217.gif\" alt=\"Welle2\" width=\"300\" height=\"217\" \/><br \/>\n<\/a><a href=\"https:\/\/sergenyfeler.ch\/wp-content\/uploads\/2016\/04\/Twin70x100-1000px.jpg\"><strong>Welle II, 2015<\/strong><\/a><\/p>\n<p style=\"text-align: center;\"><a href=\"https:\/\/sergenyfeler.ch\/wp-content\/uploads\/2016\/04\/Zehnderm\u00e4tteli-Herbst-15.gif\"><img loading=\"lazy\" decoding=\"async\" class=\"aligncenter size-medium wp-image-412\" src=\"https:\/\/sergenyfeler.ch\/wp-content\/uploads\/2016\/04\/Zehnderm\u00e4tteli-Herbst-15-225x300.gif\" alt=\"Zehnderm\u00e4tteli,-Herbst-15\" width=\"225\" height=\"300\" \/><br \/>\n<\/a><a href=\"https:\/\/sergenyfeler.ch\/wp-content\/uploads\/2016\/04\/Twin70x100-1000px.jpg\"><strong>Zehenderm\u00e4tteli Herbst, 2015<\/strong><\/a><\/p>\n<p style=\"text-align: center;\">\n","protected":false},"excerpt":{"rendered":"<p>Baum, 2014 Flusslauf, 2015 Hidden Dog, 2015 Kissing Clouds, 2015 A La Chasse, 2015 100 \u00d7 70 cm Ink on paper Box, 2015 100 \u00d7 70 cm Ink on paper Carcrash, 2015 100 \u00d7 70 cm Ink on paper Police, 2015 100 \u00d7 70 cm Ink on paper Position, 2015 100 \u00d7 70 cm Ink [&hellip;]<\/p>\n","protected":false},"author":1,"featured_media":0,"parent":137,"menu_order":0,"comment_status":"closed","ping_status":"closed","template":"","meta":{"site-sidebar-layout":"default","site-content-layout":"","ast-site-content-layout":"default","site-content-style":"default","site-sidebar-style":"default","ast-global-header-display":"","ast-banner-title-visibility":"","ast-main-header-display":"","ast-hfb-above-header-display":"","ast-hfb-below-header-display":"","ast-hfb-mobile-header-display":"","site-post-title":"","ast-breadcrumbs-content":"","ast-featured-img":"","footer-sml-layout":"","ast-disable-related-posts":"","theme-transparent-header-meta":"","adv-header-id-meta":"","stick-header-meta":"","header-above-stick-meta":"","header-main-stick-meta":"","header-below-stick-meta":"","astra-migrate-meta-layouts":"default","ast-page-background-enabled":"default","ast-page-background-meta":{"desktop":{"background-color":"var(--ast-global-color-4)","background-image":"","background-repeat":"repeat","background-position":"center center","background-size":"auto","background-attachment":"scroll","background-type":"","background-media":"","overlay-type":"","overlay-color":"","overlay-opacity":"","overlay-gradient":""},"tablet":{"background-color":"","background-image":"","background-repeat":"repeat","background-position":"center center","background-size":"auto","background-attachment":"scroll","background-type":"","background-media":"","overlay-type":"","overlay-color":"","overlay-opacity":"","overlay-gradient":""},"mobile":{"background-color":"","background-image":"","background-repeat":"repeat","background-position":"center center","background-size":"auto","background-attachment":"scroll","background-type":"","background-media":"","overlay-type":"","overlay-color":"","overlay-opacity":"","overlay-gradient":""}},"ast-content-background-meta":{"desktop":{"background-color":"var(--ast-global-color-5)","background-image":"","background-repeat":"repeat","background-position":"center center","background-size":"auto","background-attachment":"scroll","background-type":"","background-media":"","overlay-type":"","overlay-color":"","overlay-opacity":"","overlay-gradient":""},"tablet":{"background-color":"var(--ast-global-color-5)","background-image":"","background-repeat":"repeat","background-position":"center center","background-size":"auto","background-attachment":"scroll","background-type":"","background-media":"","overlay-type":"","overlay-color":"","overlay-opacity":"","overlay-gradient":""},"mobile":{"background-color":"var(--ast-global-color-5)","background-image":"","background-repeat":"repeat","background-position":"center center","background-size":"auto","background-attachment":"scroll","background-type":"","background-media":"","overlay-type":"","overlay-color":"","overlay-opacity":"","overlay-gradient":""}},"footnotes":""},"class_list":["post-68","page","type-page","status-publish","hentry"],"yoast_head":"<!-- This site is optimized with the Yoast SEO plugin v27.6 - https:\/\/yoast.com\/product\/yoast-seo-wordpress\/ -->\n<title>Zeichnung\u00b7Dessin - SERGE NYFELER \u00b7 FINE ART<\/title>\n<meta name=\"robots\" content=\"index, follow, max-snippet:-1, max-image-preview:large, max-video-preview:-1\" \/>\n<link rel=\"canonical\" href=\"https:\/\/sergenyfeler.ch\/index.php\/home\/zeichnungen\/\" \/>\n<meta property=\"og:locale\" content=\"en_US\" \/>\n<meta property=\"og:type\" content=\"article\" \/>\n<meta property=\"og:title\" content=\"Zeichnung\u00b7Dessin - SERGE NYFELER \u00b7 FINE ART\" \/>\n<meta property=\"og:description\" content=\"Baum, 2014 Flusslauf, 2015 Hidden Dog, 2015 Kissing Clouds, 2015 A La Chasse, 2015 100 \u00d7 70 cm Ink on paper Box, 2015 100 \u00d7 70 cm Ink on paper Carcrash, 2015 100 \u00d7 70 cm Ink on paper Police, 2015 100 \u00d7 70 cm Ink on paper Position, 2015 100 \u00d7 70 cm Ink [&hellip;]\" \/>\n<meta property=\"og:url\" content=\"https:\/\/sergenyfeler.ch\/index.php\/home\/zeichnungen\/\" \/>\n<meta property=\"og:site_name\" content=\"SERGE NYFELER \u00b7 FINE ART\" \/>\n<meta property=\"article:modified_time\" content=\"2016-06-20T11:48:47+00:00\" \/>\n<meta property=\"og:image\" content=\"http:\/\/sergenyfeler.ch\/wp-content\/uploads\/2016\/04\/42x29.5_Baum1000px-211x300.jpg\" \/>\n<meta name=\"twitter:card\" content=\"summary_large_image\" \/>\n<script type=\"application\/ld+json\" class=\"yoast-schema-graph\">{\"@context\":\"https:\\\/\\\/schema.org\",\"@graph\":[{\"@type\":\"WebPage\",\"@id\":\"https:\\\/\\\/sergenyfeler.ch\\\/index.php\\\/home\\\/zeichnungen\\\/\",\"url\":\"https:\\\/\\\/sergenyfeler.ch\\\/index.php\\\/home\\\/zeichnungen\\\/\",\"name\":\"Zeichnung\u00b7Dessin - SERGE NYFELER \u00b7 FINE ART\",\"isPartOf\":{\"@id\":\"https:\\\/\\\/sergenyfeler.ch\\\/#website\"},\"primaryImageOfPage\":{\"@id\":\"https:\\\/\\\/sergenyfeler.ch\\\/index.php\\\/home\\\/zeichnungen\\\/#primaryimage\"},\"image\":{\"@id\":\"https:\\\/\\\/sergenyfeler.ch\\\/index.php\\\/home\\\/zeichnungen\\\/#primaryimage\"},\"thumbnailUrl\":\"http:\\\/\\\/sergenyfeler.ch\\\/wp-content\\\/uploads\\\/2016\\\/04\\\/42x29.5_Baum1000px-211x300.jpg\",\"datePublished\":\"2016-04-19T13:53:34+00:00\",\"dateModified\":\"2016-06-20T11:48:47+00:00\",\"breadcrumb\":{\"@id\":\"https:\\\/\\\/sergenyfeler.ch\\\/index.php\\\/home\\\/zeichnungen\\\/#breadcrumb\"},\"inLanguage\":\"en-US\",\"potentialAction\":[{\"@type\":\"ReadAction\",\"target\":[\"https:\\\/\\\/sergenyfeler.ch\\\/index.php\\\/home\\\/zeichnungen\\\/\"]}]},{\"@type\":\"ImageObject\",\"inLanguage\":\"en-US\",\"@id\":\"https:\\\/\\\/sergenyfeler.ch\\\/index.php\\\/home\\\/zeichnungen\\\/#primaryimage\",\"url\":\"http:\\\/\\\/sergenyfeler.ch\\\/wp-content\\\/uploads\\\/2016\\\/04\\\/42x29.5_Baum1000px-211x300.jpg\",\"contentUrl\":\"http:\\\/\\\/sergenyfeler.ch\\\/wp-content\\\/uploads\\\/2016\\\/04\\\/42x29.5_Baum1000px-211x300.jpg\"},{\"@type\":\"BreadcrumbList\",\"@id\":\"https:\\\/\\\/sergenyfeler.ch\\\/index.php\\\/home\\\/zeichnungen\\\/#breadcrumb\",\"itemListElement\":[{\"@type\":\"ListItem\",\"position\":1,\"name\":\"Home\",\"item\":\"https:\\\/\\\/sergenyfeler.ch\\\/\"},{\"@type\":\"ListItem\",\"position\":2,\"name\":\"Exhibitions\",\"item\":\"https:\\\/\\\/sergenyfeler.ch\\\/\"},{\"@type\":\"ListItem\",\"position\":3,\"name\":\"Zeichnung\u00b7Dessin\"}]},{\"@type\":\"WebSite\",\"@id\":\"https:\\\/\\\/sergenyfeler.ch\\\/#website\",\"url\":\"https:\\\/\\\/sergenyfeler.ch\\\/\",\"name\":\"SERGE NYFELER \u00b7 FINE ART\",\"description\":\"FINE ART\",\"potentialAction\":[{\"@type\":\"SearchAction\",\"target\":{\"@type\":\"EntryPoint\",\"urlTemplate\":\"https:\\\/\\\/sergenyfeler.ch\\\/?s={search_term_string}\"},\"query-input\":{\"@type\":\"PropertyValueSpecification\",\"valueRequired\":true,\"valueName\":\"search_term_string\"}}],\"inLanguage\":\"en-US\"}]}<\/script>\n<!-- \/ Yoast SEO plugin. -->","yoast_head_json":{"title":"Zeichnung\u00b7Dessin - SERGE NYFELER \u00b7 FINE ART","robots":{"index":"index","follow":"follow","max-snippet":"max-snippet:-1","max-image-preview":"max-image-preview:large","max-video-preview":"max-video-preview:-1"},"canonical":"https:\/\/sergenyfeler.ch\/index.php\/home\/zeichnungen\/","og_locale":"en_US","og_type":"article","og_title":"Zeichnung\u00b7Dessin - SERGE NYFELER \u00b7 FINE ART","og_description":"Baum, 2014 Flusslauf, 2015 Hidden Dog, 2015 Kissing Clouds, 2015 A La Chasse, 2015 100 \u00d7 70 cm Ink on paper Box, 2015 100 \u00d7 70 cm Ink on paper Carcrash, 2015 100 \u00d7 70 cm Ink on paper Police, 2015 100 \u00d7 70 cm Ink on paper Position, 2015 100 \u00d7 70 cm Ink [&hellip;]","og_url":"https:\/\/sergenyfeler.ch\/index.php\/home\/zeichnungen\/","og_site_name":"SERGE NYFELER \u00b7 FINE ART","article_modified_time":"2016-06-20T11:48:47+00:00","og_image":[{"url":"http:\/\/sergenyfeler.ch\/wp-content\/uploads\/2016\/04\/42x29.5_Baum1000px-211x300.jpg","type":"","width":"","height":""}],"twitter_card":"summary_large_image","schema":{"@context":"https:\/\/schema.org","@graph":[{"@type":"WebPage","@id":"https:\/\/sergenyfeler.ch\/index.php\/home\/zeichnungen\/","url":"https:\/\/sergenyfeler.ch\/index.php\/home\/zeichnungen\/","name":"Zeichnung\u00b7Dessin - SERGE NYFELER \u00b7 FINE ART","isPartOf":{"@id":"https:\/\/sergenyfeler.ch\/#website"},"primaryImageOfPage":{"@id":"https:\/\/sergenyfeler.ch\/index.php\/home\/zeichnungen\/#primaryimage"},"image":{"@id":"https:\/\/sergenyfeler.ch\/index.php\/home\/zeichnungen\/#primaryimage"},"thumbnailUrl":"http:\/\/sergenyfeler.ch\/wp-content\/uploads\/2016\/04\/42x29.5_Baum1000px-211x300.jpg","datePublished":"2016-04-19T13:53:34+00:00","dateModified":"2016-06-20T11:48:47+00:00","breadcrumb":{"@id":"https:\/\/sergenyfeler.ch\/index.php\/home\/zeichnungen\/#breadcrumb"},"inLanguage":"en-US","potentialAction":[{"@type":"ReadAction","target":["https:\/\/sergenyfeler.ch\/index.php\/home\/zeichnungen\/"]}]},{"@type":"ImageObject","inLanguage":"en-US","@id":"https:\/\/sergenyfeler.ch\/index.php\/home\/zeichnungen\/#primaryimage","url":"http:\/\/sergenyfeler.ch\/wp-content\/uploads\/2016\/04\/42x29.5_Baum1000px-211x300.jpg","contentUrl":"http:\/\/sergenyfeler.ch\/wp-content\/uploads\/2016\/04\/42x29.5_Baum1000px-211x300.jpg"},{"@type":"BreadcrumbList","@id":"https:\/\/sergenyfeler.ch\/index.php\/home\/zeichnungen\/#breadcrumb","itemListElement":[{"@type":"ListItem","position":1,"name":"Home","item":"https:\/\/sergenyfeler.ch\/"},{"@type":"ListItem","position":2,"name":"Exhibitions","item":"https:\/\/sergenyfeler.ch\/"},{"@type":"ListItem","position":3,"name":"Zeichnung\u00b7Dessin"}]},{"@type":"WebSite","@id":"https:\/\/sergenyfeler.ch\/#website","url":"https:\/\/sergenyfeler.ch\/","name":"SERGE NYFELER \u00b7 FINE ART","description":"FINE ART","potentialAction":[{"@type":"SearchAction","target":{"@type":"EntryPoint","urlTemplate":"https:\/\/sergenyfeler.ch\/?s={search_term_string}"},"query-input":{"@type":"PropertyValueSpecification","valueRequired":true,"valueName":"search_term_string"}}],"inLanguage":"en-US"}]}},"_links":{"self":[{"href":"https:\/\/sergenyfeler.ch\/index.php\/wp-json\/wp\/v2\/pages\/68","targetHints":{"allow":["GET"]}}],"collection":[{"href":"https:\/\/sergenyfeler.ch\/index.php\/wp-json\/wp\/v2\/pages"}],"about":[{"href":"https:\/\/sergenyfeler.ch\/index.php\/wp-json\/wp\/v2\/types\/page"}],"author":[{"embeddable":true,"href":"https:\/\/sergenyfeler.ch\/index.php\/wp-json\/wp\/v2\/users\/1"}],"replies":[{"embeddable":true,"href":"https:\/\/sergenyfeler.ch\/index.php\/wp-json\/wp\/v2\/comments?post=68"}],"version-history":[{"count":15,"href":"https:\/\/sergenyfeler.ch\/index.php\/wp-json\/wp\/v2\/pages\/68\/revisions"}],"predecessor-version":[{"id":414,"href":"https:\/\/sergenyfeler.ch\/index.php\/wp-json\/wp\/v2\/pages\/68\/revisions\/414"}],"up":[{"embeddable":true,"href":"https:\/\/sergenyfeler.ch\/index.php\/wp-json\/wp\/v2\/pages\/137"}],"wp:attachment":[{"href":"https:\/\/sergenyfeler.ch\/index.php\/wp-json\/wp\/v2\/media?parent=68"}],"curies":[{"name":"wp","href":"https:\/\/api.w.org\/{rel}","templated":true}]}}