{"id":1746,"date":"2025-09-16T14:08:35","date_gmt":"2025-09-16T14:08:35","guid":{"rendered":"https:\/\/sergenyfeler.ch\/?page_id=1746"},"modified":"2025-09-17T08:42:05","modified_gmt":"2025-09-17T08:42:05","slug":"news","status":"publish","type":"page","link":"https:\/\/sergenyfeler.ch\/index.php\/news\/","title":{"rendered":"NEWS"},"content":{"rendered":"\n<h1 class=\"wp-block-heading\">Stay up to date<\/h1>\n\n\n\n<div style=\"height:100px\" aria-hidden=\"true\" class=\"wp-block-spacer\"><\/div>\n\n\n\n<p>11. September 2025<\/p>\n\n\n\n<h2 class=\"wp-block-heading\">NEXT SOLO EXHIBITION<\/h2>\n\n\n\n<div class=\"wp-block-columns is-layout-flex wp-container-core-columns-is-layout-28f84493 wp-block-columns-is-layout-flex\">\n<div class=\"wp-block-column is-layout-flow wp-block-column-is-layout-flow\">\n<figure class=\"wp-block-image size-large\"><img loading=\"lazy\" decoding=\"async\" width=\"1024\" height=\"406\" src=\"https:\/\/sergenyfeler.ch\/wp-content\/uploads\/2025\/09\/bg_image46@2x-1024x406.jpg\" alt=\"\" class=\"wp-image-1747\" srcset=\"https:\/\/sergenyfeler.ch\/wp-content\/uploads\/2025\/09\/bg_image46@2x-1024x406.jpg 1024w, https:\/\/sergenyfeler.ch\/wp-content\/uploads\/2025\/09\/bg_image46@2x-300x119.jpg 300w, https:\/\/sergenyfeler.ch\/wp-content\/uploads\/2025\/09\/bg_image46@2x-768x304.jpg 768w, https:\/\/sergenyfeler.ch\/wp-content\/uploads\/2025\/09\/bg_image46@2x-1536x609.jpg 1536w, https:\/\/sergenyfeler.ch\/wp-content\/uploads\/2025\/09\/bg_image46@2x.jpg 1690w\" sizes=\"auto, (max-width: 1024px) 100vw, 1024px\" \/><\/figure>\n\n\n\n<h1 class=\"wp-block-heading\">Landschaften<\/h1>\n\n\n\n<h2 class=\"wp-block-heading\"><a href=\"https:\/\/www.google.com\/maps\/place\/Englischviertelstrasse+32,+8032+Z\u00fcrich\/@47.3670981,8.5543825,17z\/data=!3m1!4b1!4m6!3m5!1s0x479aa0b313c6c773:0x518f780446a7dc13!8m2!3d47.3670981!4d8.5569574!16s%2Fg%2F11c21lwm46?entry=ttu&amp;g_ep=EgoyMDI1MDkxNC4wIKXMDSoASAFQAw%3D%3D\" target=\"_blank\" rel=\"noreferrer noopener\">Englischviertelstrasse 32, 8032 Z\u00fcrich<\/a><\/h2>\n\n\n\n<h5 class=\"wp-block-heading\">Vernissage:&nbsp;Donnerstag, 25. September 2025, ab 17 Uhr<br>Ausstellung:&nbsp;26.\u201330. September, jeweils 15\u201319 Uhr<\/h5>\n<\/div>\n\n\n\n<div class=\"wp-block-column is-layout-flow wp-block-column-is-layout-flow\">\n<p>Serge Nyfeler befasst sich in seiner Malerei seit langem mit der Landschaft.\u00a0Sowohl mit den intakten Landschaften, die es noch zu sehen gibt, als auch mit den Spuren unserer Eingriffe und der Nutzbarmachung. Dar\u00fcber hinaus versucht er, die innere, physische Landschaft der Betrachtenden in sein\u00a0Werk mit einzubeziehen.\u00a0Mit einem Auge nach innen, auf die so verwandten W\u00e4lder aus Rezeptoren, Gef\u00e4ssen und Str\u00f6mungen gerichtet und dem anderen auf das Aussen, verschr\u00e4nkt er das, was im Akt der Wahrnehmung geschieht. <\/p>\n\n\n\n<p>Dieses innere Geschehen betrifft uns alle. Es geh\u00f6rt, so Nyfeler, auf die Leinwand \u2013 gleichberechtigt neben die \u00abklassische Abbildung\u00bb. Er findet, dass es an der Zeit ist, diesem Ph\u00e4nomen gemalte Beachtung zu schenken und weist darauf hin,\u00a0dass das, was sich im Aussen abspielt, im Inneren einer Person seine Wirkung tut. Darstellende, klassische Malerei gew\u00fcrzt mit einer Prise aus dem, was wir schon lange wissen, aber noch nie so betrachten konnten.<\/p>\n<\/div>\n<\/div>\n","protected":false},"excerpt":{"rendered":"<p>Stay up to date 11. September 2025 NEXT SOLO EXHIBITION Landschaften Englischviertelstrasse 32, 8032 Z\u00fcrich Vernissage:&nbsp;Donnerstag, 25. September 2025, ab 17 UhrAusstellung:&nbsp;26.\u201330. September, jeweils 15\u201319 Uhr Serge Nyfeler befasst sich in seiner Malerei seit langem mit der Landschaft.\u00a0Sowohl mit den intakten Landschaften, die es noch zu sehen gibt, als auch mit den Spuren unserer Eingriffe [&hellip;]<\/p>\n","protected":false},"author":1,"featured_media":0,"parent":0,"menu_order":0,"comment_status":"closed","ping_status":"closed","template":"","meta":{"site-sidebar-layout":"default","site-content-layout":"","ast-site-content-layout":"default","site-content-style":"default","site-sidebar-style":"default","ast-global-header-display":"","ast-banner-title-visibility":"","ast-main-header-display":"","ast-hfb-above-header-display":"","ast-hfb-below-header-display":"","ast-hfb-mobile-header-display":"","site-post-title":"disabled","ast-breadcrumbs-content":"","ast-featured-img":"","footer-sml-layout":"","ast-disable-related-posts":"","theme-transparent-header-meta":"","adv-header-id-meta":"","stick-header-meta":"","header-above-stick-meta":"","header-main-stick-meta":"","header-below-stick-meta":"","astra-migrate-meta-layouts":"set","ast-page-background-enabled":"default","ast-page-background-meta":{"desktop":{"background-color":"var(--ast-global-color-4)","background-image":"","background-repeat":"repeat","background-position":"center center","background-size":"auto","background-attachment":"scroll","background-type":"","background-media":"","overlay-type":"","overlay-color":"","overlay-opacity":"","overlay-gradient":""},"tablet":{"background-color":"","background-image":"","background-repeat":"repeat","background-position":"center center","background-size":"auto","background-attachment":"scroll","background-type":"","background-media":"","overlay-type":"","overlay-color":"","overlay-opacity":"","overlay-gradient":""},"mobile":{"background-color":"","background-image":"","background-repeat":"repeat","background-position":"center center","background-size":"auto","background-attachment":"scroll","background-type":"","background-media":"","overlay-type":"","overlay-color":"","overlay-opacity":"","overlay-gradient":""}},"ast-content-background-meta":{"desktop":{"background-color":"var(--ast-global-color-5)","background-image":"","background-repeat":"repeat","background-position":"center center","background-size":"auto","background-attachment":"scroll","background-type":"","background-media":"","overlay-type":"","overlay-color":"","overlay-opacity":"","overlay-gradient":""},"tablet":{"background-color":"var(--ast-global-color-5)","background-image":"","background-repeat":"repeat","background-position":"center center","background-size":"auto","background-attachment":"scroll","background-type":"","background-media":"","overlay-type":"","overlay-color":"","overlay-opacity":"","overlay-gradient":""},"mobile":{"background-color":"var(--ast-global-color-5)","background-image":"","background-repeat":"repeat","background-position":"center center","background-size":"auto","background-attachment":"scroll","background-type":"","background-media":"","overlay-type":"","overlay-color":"","overlay-opacity":"","overlay-gradient":""}},"footnotes":""},"class_list":["post-1746","page","type-page","status-publish","hentry"],"yoast_head":"<!-- This site is optimized with the Yoast SEO plugin v27.4 - https:\/\/yoast.com\/product\/yoast-seo-wordpress\/ -->\n<title>NEWS - SERGE NYFELER \u00b7 FINE ART<\/title>\n<meta name=\"robots\" content=\"index, follow, max-snippet:-1, max-image-preview:large, max-video-preview:-1\" \/>\n<link rel=\"canonical\" href=\"https:\/\/sergenyfeler.ch\/index.php\/news\/\" \/>\n<meta property=\"og:locale\" content=\"en_US\" \/>\n<meta property=\"og:type\" content=\"article\" \/>\n<meta property=\"og:title\" content=\"NEWS - SERGE NYFELER \u00b7 FINE ART\" \/>\n<meta property=\"og:description\" content=\"Stay up to date 11. September 2025 NEXT SOLO EXHIBITION Landschaften Englischviertelstrasse 32, 8032 Z\u00fcrich Vernissage:&nbsp;Donnerstag, 25. September 2025, ab 17 UhrAusstellung:&nbsp;26.\u201330. September, jeweils 15\u201319 Uhr Serge Nyfeler befasst sich in seiner Malerei seit langem mit der Landschaft.\u00a0Sowohl mit den intakten Landschaften, die es noch zu sehen gibt, als auch mit den Spuren unserer Eingriffe [&hellip;]\" \/>\n<meta property=\"og:url\" content=\"https:\/\/sergenyfeler.ch\/index.php\/news\/\" \/>\n<meta property=\"og:site_name\" content=\"SERGE NYFELER \u00b7 FINE ART\" \/>\n<meta property=\"article:modified_time\" content=\"2025-09-17T08:42:05+00:00\" \/>\n<meta property=\"og:image\" content=\"https:\/\/sergenyfeler.ch\/wp-content\/uploads\/2025\/09\/bg_image46@2x.jpg\" \/>\n\t<meta property=\"og:image:width\" content=\"1690\" \/>\n\t<meta property=\"og:image:height\" content=\"670\" \/>\n\t<meta property=\"og:image:type\" content=\"image\/jpeg\" \/>\n<meta name=\"twitter:card\" content=\"summary_large_image\" \/>\n<meta name=\"twitter:label1\" content=\"Est. reading time\" \/>\n\t<meta name=\"twitter:data1\" content=\"1 minute\" \/>\n<script type=\"application\/ld+json\" class=\"yoast-schema-graph\">{\"@context\":\"https:\\\/\\\/schema.org\",\"@graph\":[{\"@type\":\"WebPage\",\"@id\":\"https:\\\/\\\/sergenyfeler.ch\\\/index.php\\\/news\\\/\",\"url\":\"https:\\\/\\\/sergenyfeler.ch\\\/index.php\\\/news\\\/\",\"name\":\"NEWS - SERGE NYFELER \u00b7 FINE ART\",\"isPartOf\":{\"@id\":\"https:\\\/\\\/sergenyfeler.ch\\\/#website\"},\"primaryImageOfPage\":{\"@id\":\"https:\\\/\\\/sergenyfeler.ch\\\/index.php\\\/news\\\/#primaryimage\"},\"image\":{\"@id\":\"https:\\\/\\\/sergenyfeler.ch\\\/index.php\\\/news\\\/#primaryimage\"},\"thumbnailUrl\":\"https:\\\/\\\/sergenyfeler.ch\\\/wp-content\\\/uploads\\\/2025\\\/09\\\/bg_image46@2x-1024x406.jpg\",\"datePublished\":\"2025-09-16T14:08:35+00:00\",\"dateModified\":\"2025-09-17T08:42:05+00:00\",\"breadcrumb\":{\"@id\":\"https:\\\/\\\/sergenyfeler.ch\\\/index.php\\\/news\\\/#breadcrumb\"},\"inLanguage\":\"en-US\",\"potentialAction\":[{\"@type\":\"ReadAction\",\"target\":[\"https:\\\/\\\/sergenyfeler.ch\\\/index.php\\\/news\\\/\"]}]},{\"@type\":\"ImageObject\",\"inLanguage\":\"en-US\",\"@id\":\"https:\\\/\\\/sergenyfeler.ch\\\/index.php\\\/news\\\/#primaryimage\",\"url\":\"https:\\\/\\\/sergenyfeler.ch\\\/wp-content\\\/uploads\\\/2025\\\/09\\\/bg_image46@2x.jpg\",\"contentUrl\":\"https:\\\/\\\/sergenyfeler.ch\\\/wp-content\\\/uploads\\\/2025\\\/09\\\/bg_image46@2x.jpg\",\"width\":1690,\"height\":670},{\"@type\":\"BreadcrumbList\",\"@id\":\"https:\\\/\\\/sergenyfeler.ch\\\/index.php\\\/news\\\/#breadcrumb\",\"itemListElement\":[{\"@type\":\"ListItem\",\"position\":1,\"name\":\"Home\",\"item\":\"https:\\\/\\\/sergenyfeler.ch\\\/\"},{\"@type\":\"ListItem\",\"position\":2,\"name\":\"NEWS\"}]},{\"@type\":\"WebSite\",\"@id\":\"https:\\\/\\\/sergenyfeler.ch\\\/#website\",\"url\":\"https:\\\/\\\/sergenyfeler.ch\\\/\",\"name\":\"SERGE NYFELER \u00b7 FINE ART\",\"description\":\"FINE ART\",\"potentialAction\":[{\"@type\":\"SearchAction\",\"target\":{\"@type\":\"EntryPoint\",\"urlTemplate\":\"https:\\\/\\\/sergenyfeler.ch\\\/?s={search_term_string}\"},\"query-input\":{\"@type\":\"PropertyValueSpecification\",\"valueRequired\":true,\"valueName\":\"search_term_string\"}}],\"inLanguage\":\"en-US\"}]}<\/script>\n<!-- \/ Yoast SEO plugin. -->","yoast_head_json":{"title":"NEWS - SERGE NYFELER \u00b7 FINE ART","robots":{"index":"index","follow":"follow","max-snippet":"max-snippet:-1","max-image-preview":"max-image-preview:large","max-video-preview":"max-video-preview:-1"},"canonical":"https:\/\/sergenyfeler.ch\/index.php\/news\/","og_locale":"en_US","og_type":"article","og_title":"NEWS - SERGE NYFELER \u00b7 FINE ART","og_description":"Stay up to date 11. September 2025 NEXT SOLO EXHIBITION Landschaften Englischviertelstrasse 32, 8032 Z\u00fcrich Vernissage:&nbsp;Donnerstag, 25. September 2025, ab 17 UhrAusstellung:&nbsp;26.\u201330. September, jeweils 15\u201319 Uhr Serge Nyfeler befasst sich in seiner Malerei seit langem mit der Landschaft.\u00a0Sowohl mit den intakten Landschaften, die es noch zu sehen gibt, als auch mit den Spuren unserer Eingriffe [&hellip;]","og_url":"https:\/\/sergenyfeler.ch\/index.php\/news\/","og_site_name":"SERGE NYFELER \u00b7 FINE ART","article_modified_time":"2025-09-17T08:42:05+00:00","og_image":[{"width":1690,"height":670,"url":"https:\/\/sergenyfeler.ch\/wp-content\/uploads\/2025\/09\/bg_image46@2x.jpg","type":"image\/jpeg"}],"twitter_card":"summary_large_image","twitter_misc":{"Est. reading time":"1 minute"},"schema":{"@context":"https:\/\/schema.org","@graph":[{"@type":"WebPage","@id":"https:\/\/sergenyfeler.ch\/index.php\/news\/","url":"https:\/\/sergenyfeler.ch\/index.php\/news\/","name":"NEWS - SERGE NYFELER \u00b7 FINE ART","isPartOf":{"@id":"https:\/\/sergenyfeler.ch\/#website"},"primaryImageOfPage":{"@id":"https:\/\/sergenyfeler.ch\/index.php\/news\/#primaryimage"},"image":{"@id":"https:\/\/sergenyfeler.ch\/index.php\/news\/#primaryimage"},"thumbnailUrl":"https:\/\/sergenyfeler.ch\/wp-content\/uploads\/2025\/09\/bg_image46@2x-1024x406.jpg","datePublished":"2025-09-16T14:08:35+00:00","dateModified":"2025-09-17T08:42:05+00:00","breadcrumb":{"@id":"https:\/\/sergenyfeler.ch\/index.php\/news\/#breadcrumb"},"inLanguage":"en-US","potentialAction":[{"@type":"ReadAction","target":["https:\/\/sergenyfeler.ch\/index.php\/news\/"]}]},{"@type":"ImageObject","inLanguage":"en-US","@id":"https:\/\/sergenyfeler.ch\/index.php\/news\/#primaryimage","url":"https:\/\/sergenyfeler.ch\/wp-content\/uploads\/2025\/09\/bg_image46@2x.jpg","contentUrl":"https:\/\/sergenyfeler.ch\/wp-content\/uploads\/2025\/09\/bg_image46@2x.jpg","width":1690,"height":670},{"@type":"BreadcrumbList","@id":"https:\/\/sergenyfeler.ch\/index.php\/news\/#breadcrumb","itemListElement":[{"@type":"ListItem","position":1,"name":"Home","item":"https:\/\/sergenyfeler.ch\/"},{"@type":"ListItem","position":2,"name":"NEWS"}]},{"@type":"WebSite","@id":"https:\/\/sergenyfeler.ch\/#website","url":"https:\/\/sergenyfeler.ch\/","name":"SERGE NYFELER \u00b7 FINE ART","description":"FINE ART","potentialAction":[{"@type":"SearchAction","target":{"@type":"EntryPoint","urlTemplate":"https:\/\/sergenyfeler.ch\/?s={search_term_string}"},"query-input":{"@type":"PropertyValueSpecification","valueRequired":true,"valueName":"search_term_string"}}],"inLanguage":"en-US"}]}},"_links":{"self":[{"href":"https:\/\/sergenyfeler.ch\/index.php\/wp-json\/wp\/v2\/pages\/1746","targetHints":{"allow":["GET"]}}],"collection":[{"href":"https:\/\/sergenyfeler.ch\/index.php\/wp-json\/wp\/v2\/pages"}],"about":[{"href":"https:\/\/sergenyfeler.ch\/index.php\/wp-json\/wp\/v2\/types\/page"}],"author":[{"embeddable":true,"href":"https:\/\/sergenyfeler.ch\/index.php\/wp-json\/wp\/v2\/users\/1"}],"replies":[{"embeddable":true,"href":"https:\/\/sergenyfeler.ch\/index.php\/wp-json\/wp\/v2\/comments?post=1746"}],"version-history":[{"count":22,"href":"https:\/\/sergenyfeler.ch\/index.php\/wp-json\/wp\/v2\/pages\/1746\/revisions"}],"predecessor-version":[{"id":1844,"href":"https:\/\/sergenyfeler.ch\/index.php\/wp-json\/wp\/v2\/pages\/1746\/revisions\/1844"}],"wp:attachment":[{"href":"https:\/\/sergenyfeler.ch\/index.php\/wp-json\/wp\/v2\/media?parent=1746"}],"curies":[{"name":"wp","href":"https:\/\/api.w.org\/{rel}","templated":true}]}}